{"id":26200,"date":"2016-05-09T08:50:25","date_gmt":"2016-05-09T07:50:25","guid":{"rendered":"https:\/\/www.whiskyflavour.com\/sekretesspolicy-cookiepolicy\/"},"modified":"2026-01-26T10:54:41","modified_gmt":"2026-01-26T10:54:41","slug":"privacy-policy","status":"publish","type":"page","link":"https:\/\/www.whiskyflavour.com\/sv\/privacy-policy\/","title":{"rendered":"Integritetspolicy"},"content":{"rendered":"<div class=\"wpb-content-wrapper\"><p>[vc_row][vc_column][vc_column_text css=&#8221;&#8221;]<\/p>\n<h2>Integritetspolicy<\/h2>\n<p>Din integritet \u00e4r viktig f\u00f6r oss. Det \u00e4r <a href=\"https:\/\/www.whiskyflavour.com\/sv\/\">Whiskyflavours policy att respektera din integritet n\u00e4r det g\u00e4ller all information som vi kan samla in fr\u00e5n dig p\u00e5 v\u00e5r webbplats, whiskyflavour.com<\/a>, och andra webbplatser som vi \u00e4ger och driver. <\/p>\n<p>Vi ber bara om personuppgifter n\u00e4r vi verkligen beh\u00f6ver dem f\u00f6r att kunna tillhandah\u00e5lla en tj\u00e4nst till dig. Vi samlar in uppgifterna p\u00e5 ett r\u00e4ttvist och lagligt s\u00e4tt, med din vetskap och ditt samtycke. Vi informerar dig ocks\u00e5 om varf\u00f6r vi samlar in uppgifterna och hur de kommer att anv\u00e4ndas.  <\/p>\n<p>Vi beh\u00e5ller endast insamlad information s\u00e5 l\u00e4nge som det \u00e4r n\u00f6dv\u00e4ndigt f\u00f6r att tillhandah\u00e5lla den tj\u00e4nst som du har beg\u00e4rt. De uppgifter vi lagrar skyddar vi med kommersiellt godtagbara medel f\u00f6r att f\u00f6rhindra f\u00f6rlust och st\u00f6ld samt obeh\u00f6rig \u00e5tkomst, avsl\u00f6jande, kopiering, anv\u00e4ndning eller \u00e4ndring. <\/p>\n<p>Vi delar inte n\u00e5gon personligt identifierande information offentligt eller med tredje part, utom n\u00e4r det kr\u00e4vs enligt lag.<\/p>\n<p>V\u00e5r webbplats kan inneh\u00e5lla l\u00e4nkar till externa webbplatser som inte drivs av oss. Observera att vi inte har n\u00e5gon kontroll \u00f6ver inneh\u00e5llet och metoderna p\u00e5 dessa webbplatser och inte kan ta ansvar f\u00f6r deras respektive sekretesspolicy. <\/p>\n<p>Du \u00e4r fri att neka v\u00e5r beg\u00e4ran om dina personuppgifter, med f\u00f6rst\u00e5else f\u00f6r att vi kanske inte kan tillhandah\u00e5lla dig n\u00e5gra av dina \u00f6nskade tj\u00e4nster.<\/p>\n<p>Din fortsatta anv\u00e4ndning av v\u00e5r webbplats kommer att betraktas som ett godk\u00e4nnande av v\u00e5r praxis kring integritet och personuppgifter. Om du har n\u00e5gra fr\u00e5gor om hur vi hanterar anv\u00e4ndardata och personuppgifter \u00e4r du v\u00e4lkommen att kontakta oss. <\/p>\n<h2><strong>Cookiepolicy<\/strong> f\u00f6r <strong>WhiskyFlavour<\/strong><\/h2>\n<p>Detta \u00e4r Cookie-policyn f\u00f6r <strong>Whiskyflavour<\/strong>, tillg\u00e4nglig fr\u00e5n URL:en.<\/p>\n<h3>Vad \u00e4r cookies?<\/h3>\n<p>I likhet med n\u00e4stan alla professionella webbplatser anv\u00e4nder den h\u00e4r webbplatsen cookies, som \u00e4r sm\u00e5 filer som laddas ner till din dator, f\u00f6r att f\u00f6rb\u00e4ttra din upplevelse. P\u00e5 den h\u00e4r sidan beskrivs vilken information de samlar in, hur vi anv\u00e4nder den och varf\u00f6r vi ibland beh\u00f6ver lagra dessa cookies. Vi kommer ocks\u00e5 att ber\u00e4tta hur du kan f\u00f6rhindra att dessa cookies lagras, men det kan inneb\u00e4ra att vissa delar av webbplatsens funktionalitet f\u00f6rs\u00e4mras eller &#8220;bryts&#8221;.  <\/p>\n<h3>Hur vi anv\u00e4nder cookies<\/h3>\n<p>Vi anv\u00e4nder cookies av flera olika sk\u00e4l som beskrivs nedan. Tyv\u00e4rr finns det i de flesta fall inga branschstandardalternativ f\u00f6r att inaktivera cookies utan att helt inaktivera den funktionalitet och de funktioner som de l\u00e4gger till p\u00e5 denna webbplats. Vi rekommenderar att du l\u00e5ter alla cookies vara kvar om du inte \u00e4r s\u00e4ker p\u00e5 om du beh\u00f6ver dem eller inte, ifall de anv\u00e4nds f\u00f6r att tillhandah\u00e5lla en tj\u00e4nst som du anv\u00e4nder.  <\/p>\n<h3>Inaktivera cookies<\/h3>\n<p>Du kan f\u00f6rhindra att cookies sparas genom att justera inst\u00e4llningarna i din webbl\u00e4sare (se webbl\u00e4sarens hj\u00e4lp f\u00f6r hur du g\u00f6r detta). T\u00e4nk p\u00e5 att inaktivering av cookies kommer att p\u00e5verka funktionaliteten p\u00e5 denna och m\u00e5nga andra webbplatser som du bes\u00f6ker. Om du inaktiverar cookies inaktiveras vanligtvis \u00e4ven vissa funktioner och egenskaper p\u00e5 denna webbplats. D\u00e4rf\u00f6r rekommenderar vi att du inte inaktiverar cookies.   <\/p>\n<h3>De cookies vi anv\u00e4nder<\/h3>\n<ul>\n<li>Kontorelaterade cookies<\/li>\n<\/ul>\n<p>Om du skapar ett konto hos oss kommer vi att anv\u00e4nda cookies f\u00f6r att hantera registreringsprocessen och allm\u00e4n administration. Dessa cookies raderas vanligtvis n\u00e4r du loggar ut, men i vissa fall kan de finnas kvar efter\u00e5t f\u00f6r att komma ih\u00e5g dina preferenser p\u00e5 webbplatsen n\u00e4r du \u00e4r utloggad. <\/p>\n<ul>\n<li>Inloggningsrelaterade cookies<\/li>\n<\/ul>\n<p>Vi anv\u00e4nder cookies n\u00e4r du \u00e4r inloggad s\u00e5 att vi kan komma ih\u00e5g detta. P\u00e5 s\u00e5 s\u00e4tt beh\u00f6ver du inte logga in varje g\u00e5ng du bes\u00f6ker en ny sida. Dessa cookies tas vanligtvis bort eller rensas n\u00e4r du loggar ut f\u00f6r att s\u00e4kerst\u00e4lla att du endast kan komma \u00e5t begr\u00e4nsade funktioner och omr\u00e5den n\u00e4r du \u00e4r inloggad.  <\/p>\n<ul>\n<li>Cookies relaterade till e-postnyhetsbrev<\/li>\n<\/ul>\n<p>Denna webbplats erbjuder prenumerationstj\u00e4nster f\u00f6r nyhetsbrev eller e-post, och cookies kan anv\u00e4ndas f\u00f6r att komma ih\u00e5g om du redan \u00e4r registrerad och om du vill visa vissa meddelanden som kanske bara \u00e4r giltiga f\u00f6r anv\u00e4ndare som prenumererar eller inte prenumererar.<\/p>\n<ul>\n<li>Cookies relaterade till orderhantering<\/li>\n<\/ul>\n<p>Denna webbplats erbjuder e-handel eller betalningsm\u00f6jligheter, och vissa cookies \u00e4r n\u00f6dv\u00e4ndiga f\u00f6r att s\u00e4kerst\u00e4lla att din best\u00e4llning kommer ih\u00e5g mellan sidorna s\u00e5 att vi kan behandla den p\u00e5 r\u00e4tt s\u00e4tt.<\/p>\n<ul>\n<li>Cookies relaterade till enk\u00e4ter<\/li>\n<\/ul>\n<p>D\u00e5 och d\u00e5 erbjuder vi anv\u00e4ndarunders\u00f6kningar och fr\u00e5geformul\u00e4r f\u00f6r att ge dig intressanta insikter, anv\u00e4ndbara verktyg eller f\u00f6r att f\u00f6rst\u00e5 v\u00e5r anv\u00e4ndarbas mer exakt. Dessa unders\u00f6kningar kan anv\u00e4nda cookies f\u00f6r att komma ih\u00e5g vilka som redan har deltagit i en unders\u00f6kning eller f\u00f6r att ge dig korrekta resultat n\u00e4r du byter sida. <\/p>\n<ul>\n<li>Formul\u00e4rrelaterade cookies<\/li>\n<\/ul>\n<p>N\u00e4r du l\u00e4mnar uppgifter via ett formul\u00e4r, t.ex. p\u00e5 kontaktsidor eller kommentarsformul\u00e4r, kan cookies st\u00e4llas in f\u00f6r att komma ih\u00e5g dina anv\u00e4ndaruppgifter f\u00f6r framtida korrespondens.<\/p>\n<ul>\n<li>Cookies f\u00f6r inst\u00e4llningar p\u00e5 webbplatsen<\/li>\n<\/ul>\n<p>F\u00f6r att ge dig en bra upplevelse p\u00e5 den h\u00e4r webbplatsen tillhandah\u00e5ller vi funktionaliteten f\u00f6r att st\u00e4lla in dina preferenser f\u00f6r hur den h\u00e4r webbplatsen fungerar n\u00e4r du anv\u00e4nder den. F\u00f6r att komma ih\u00e5g dina preferenser m\u00e5ste vi st\u00e4lla in cookies s\u00e5 att denna information kan h\u00e4mtas n\u00e4r du interagerar med en sida som p\u00e5verkas av dina preferenser. <\/p>\n<h3>Cookies fr\u00e5n tredje part<\/h3>\n<p>I vissa s\u00e4rskilda fall anv\u00e4nder vi \u00e4ven cookies fr\u00e5n betrodda tredje parter. I f\u00f6ljande avsnitt beskrivs vilka tredjepartscookies du kan st\u00f6ta p\u00e5 via den h\u00e4r webbplatsen. <\/p>\n<ul>\n<li>Den h\u00e4r webbplatsen anv\u00e4nder Google Analytics, som \u00e4r en av de mest utbredda och betrodda analysl\u00f6sningarna p\u00e5 webben f\u00f6r att hj\u00e4lpa oss att f\u00f6rst\u00e5 hur du anv\u00e4nder webbplatsen och hur vi kan f\u00f6rb\u00e4ttra din upplevelse. Dessa cookies kan sp\u00e5ra saker som hur l\u00e5ng tid du tillbringar p\u00e5 webbplatsen och vilka sidor du bes\u00f6ker, s\u00e5 att vi kan forts\u00e4tta att producera engagerande inneh\u00e5ll.  F\u00f6r mer information om Google Analytics cookies, se den officiella Google Analytics-sidan.<\/li>\n<li>Tredjepartsanalys anv\u00e4nds f\u00f6r att sp\u00e5ra och m\u00e4ta anv\u00e4ndningen av den h\u00e4r webbplatsen s\u00e5 att vi kan forts\u00e4tta att producera engagerande inneh\u00e5ll. Dessa cookies kan sp\u00e5ra saker som hur l\u00e5ng tid du tillbringar p\u00e5 webbplatsen eller sidor du bes\u00f6ker, vilket hj\u00e4lper oss att f\u00f6rst\u00e5 hur vi kan f\u00f6rb\u00e4ttra webbplatsen f\u00f6r dig. <\/li>\n<li>D\u00e5 och d\u00e5 testar vi nya funktioner och g\u00f6r sm\u00e5 \u00e4ndringar i hur webbplatsen levereras. N\u00e4r vi fortfarande testar nya funktioner kan dessa cookies anv\u00e4ndas f\u00f6r att s\u00e4kerst\u00e4lla att du f\u00e5r en konsekvent upplevelse n\u00e4r du \u00e4r p\u00e5 webbplatsen, samtidigt som vi ser till att vi f\u00f6rst\u00e5r vilka optimeringar som v\u00e5ra anv\u00e4ndare uppskattar mest. <\/li>\n<li>Eftersom vi s\u00e4ljer produkter \u00e4r det viktigt f\u00f6r oss att f\u00e5 statistik \u00f6ver hur m\u00e5nga av bes\u00f6karna p\u00e5 v\u00e5r webbplats som genomf\u00f6r ett k\u00f6p, och det \u00e4r den typen av data som dessa cookies kommer att sp\u00e5ra. Detta \u00e4r viktigt f\u00f6r dig eftersom det inneb\u00e4r att vi kan g\u00f6ra korrekta aff\u00e4rsprognoser som g\u00f6r det m\u00f6jligt f\u00f6r oss att \u00f6vervaka v\u00e5ra reklam- och produktkostnader f\u00f6r att s\u00e4kerst\u00e4lla b\u00e4sta m\u00f6jliga pris. <\/li>\n<li>Google AdSense-tj\u00e4nsten som vi anv\u00e4nder f\u00f6r att visa annonser anv\u00e4nder en DoubleClick-cookie f\u00f6r att visa mer relevanta annonser p\u00e5 webben och begr\u00e4nsa antalet g\u00e5nger som en viss annons visas f\u00f6r dig.<br \/>\nMer information om Google AdSense finns i den officiella FAQ:n om sekretess f\u00f6r Google AdSense.<\/li>\n<li>Vi anv\u00e4nder annonser f\u00f6r att kompensera kostnaderna f\u00f6r att driva denna webbplats och tillhandah\u00e5lla finansiering f\u00f6r vidareutveckling. De cookies f\u00f6r beteendebaserad annonsering som anv\u00e4nds av denna webbplats \u00e4r utformade f\u00f6r att s\u00e4kerst\u00e4lla att vi ger dig de mest relevanta annonserna d\u00e4r det \u00e4r m\u00f6jligt genom att anonymt sp\u00e5ra dina intressen och presentera liknande saker som kan vara av intresse. <\/li>\n<li>Flera partners annonserar f\u00f6r v\u00e5r r\u00e4kning, och affiliate-sp\u00e5rningscookies g\u00f6r det helt enkelt m\u00f6jligt f\u00f6r oss att se om v\u00e5ra kunder har kommit till webbplatsen via en av v\u00e5ra partners webbplatser s\u00e5 att vi kan kreditera dem p\u00e5 l\u00e4mpligt s\u00e4tt och, i f\u00f6rekommande fall, l\u00e5ta v\u00e5ra affiliate-partners tillhandah\u00e5lla eventuella bonusar som de kan ge dig f\u00f6r att g\u00f6ra ett k\u00f6p.<\/li>\n<li>Vi anv\u00e4nder ocks\u00e5 knappar f\u00f6r sociala medier och\/eller plugins p\u00e5 denna webbplats som g\u00f6r att du kan ansluta till ditt sociala n\u00e4tverk p\u00e5 olika s\u00e4tt. F\u00f6r att dessa ska fungera kommer f\u00f6ljande webbplatser f\u00f6r sociala medier, inklusive Facebook, Instagram, Twitter, Pinterest, Tumblr etc., att s\u00e4tta cookies via v\u00e5r webbplats, som kan anv\u00e4ndas f\u00f6r att f\u00f6rb\u00e4ttra din profil p\u00e5 deras webbplats eller bidra till de uppgifter de har f\u00f6r olika \u00e4ndam\u00e5l som beskrivs i deras respektive sekretesspolicy. <\/li>\n<\/ul>\n<h2>Mer information<\/h2>\n<p>F\u00f6rhoppningsvis har detta klargjort saker f\u00f6r dig, och som tidigare n\u00e4mnts, om det finns n\u00e5got som du inte \u00e4r s\u00e4ker p\u00e5 om du beh\u00f6ver eller inte, \u00e4r det vanligtvis s\u00e4krare att l\u00e5ta cookies vara aktiverade om det interagerar med n\u00e5gon av de funktioner du anv\u00e4nder p\u00e5 v\u00e5r webbplats.<\/p>\n<p>Denna policy g\u00e4ller fr\u00e5n och med <strong>maj<\/strong> <strong>2020<\/strong>.[\/vc_column_text][\/vc_column][\/vc_row]<\/p>\n<\/div>","protected":false},"excerpt":{"rendered":"<p>[vc_row][vc_column][vc_column_text css=&#8221;&#8221;] Integritetspolicy Din integritet \u00e4r viktig f\u00f6r oss. Det \u00e4r Whiskyflavours policy att respektera din integritet n\u00e4r det g\u00e4ller&#8230;<\/p>\n","protected":false},"author":1,"featured_media":0,"parent":0,"menu_order":8,"comment_status":"closed","ping_status":"closed","template":"","meta":{"footnotes":""},"class_list":["post-26200","page","type-page","status-publish","hentry"],"_links":{"self":[{"href":"https:\/\/www.whiskyflavour.com\/sv\/wp-json\/wp\/v2\/pages\/26200","targetHints":{"allow":["GET"]}}],"collection":[{"href":"https:\/\/www.whiskyflavour.com\/sv\/wp-json\/wp\/v2\/pages"}],"about":[{"href":"https:\/\/www.whiskyflavour.com\/sv\/wp-json\/wp\/v2\/types\/page"}],"author":[{"embeddable":true,"href":"https:\/\/www.whiskyflavour.com\/sv\/wp-json\/wp\/v2\/users\/1"}],"replies":[{"embeddable":true,"href":"https:\/\/www.whiskyflavour.com\/sv\/wp-json\/wp\/v2\/comments?post=26200"}],"version-history":[{"count":0,"href":"https:\/\/www.whiskyflavour.com\/sv\/wp-json\/wp\/v2\/pages\/26200\/revisions"}],"wp:attachment":[{"href":"https:\/\/www.whiskyflavour.com\/sv\/wp-json\/wp\/v2\/media?parent=26200"}],"curies":[{"name":"wp","href":"https:\/\/api.w.org\/{rel}","templated":true}]}}