{"id":26355,"date":"2025-10-14T09:10:27","date_gmt":"2025-10-14T08:10:27","guid":{"rendered":"https:\/\/www.whiskyflavour.com\/vanliga-fragor\/"},"modified":"2026-02-13T07:59:24","modified_gmt":"2026-02-13T07:59:24","slug":"fragor-och-svar","status":"publish","type":"page","link":"https:\/\/www.whiskyflavour.com\/sv\/fragor-och-svar\/","title":{"rendered":"Vanliga Fr\u00e5gor"},"content":{"rendered":"<div class=\"wpb-content-wrapper\"><p>[vc_row][vc_column width=&#8221;1\/2&#8243;][vc_custom_heading text=&#8221;Hur fungerar prenumerationen p\u00e5 Whisky Flavour?&#8221; font_container=&#8221;tag:h3|text_align:left&#8221; use_theme_fonts=&#8221;yes&#8221; css=&#8221;&#8221;][vc_column_text css=&#8221;&#8221;]Det \u00e4r superenkelt. S\u00e5 h\u00e4r g\u00f6r du: <\/p>\n<ol>\n<li><strong>V\u00e4lj din <span data-sheets-root=\"1\">favoritprenumeration p\u00e5 Whiskey Box<\/span><\/strong>:\n<ul>\n<li>Best\u00e4m dig f\u00f6r vilka \u00e5rg\u00e5ngar av Whiskey du vill ha i dina miniatyrer.<\/li>\n<li>V\u00e4lj den provsmakningsl\u00e5da som passar dina \u00f6nskem\u00e5l.<\/li>\n<\/ul>\n<\/li>\n<li><strong>G\u00f6r din best\u00e4llning<\/strong>:\n<ul>\n<li>Varje l\u00e5da inneh\u00e5ller minst 4 miniatyrer.<\/li>\n<li>Slutf\u00f6r ditt k\u00f6p och l\u00e4mna n\u00f6dv\u00e4ndig information.<\/li>\n<\/ul>\n<\/li>\n<li>Ta <strong>emot och njut<\/strong>:\n<ul>\n<li>Du f\u00e5r din <span data-sheets-root=\"1\">Whiskey box <\/span>och f\u00e5r m\u00f6jlighet att smaka p\u00e5 de olika whiskysorterna.<\/li>\n<li>Vi upprepar aldrig samma miniatyrflaskor, vilket garanterar en unik smakupplevelse varje g\u00e5ng.<\/li>\n<\/ul>\n<\/li>\n<\/ol>\n<p>[\/vc_column_text][\/vc_column][vc_column width=&#8221;1\/2&#8243;][vc_custom_heading text=&#8221;Kan jag ge bort en Whiskey box-prenumeration i present?&#8221; font_container=&#8221;tag:h3|text_align:left&#8221; use_theme_fonts=&#8221;yes&#8221; css=&#8221;&#8221;][vc_column_text css=&#8221;&#8221;]Absolut! Kontakta oss f\u00f6rst s\u00e5 att vi kan se till att provsmakningsl\u00e5dan levereras som en g\u00e5va. <\/p>\n<p>En prenumeration fr\u00e5n Whisky Flavour kommer s\u00e4kert att uppskattas av dina n\u00e4ra och k\u00e4ra, v\u00e4nner eller kollegor. Vi tror att det \u00e4r en bra present till Whiskey-\u00e4lskare, och f\u00f6rpackningen \u00e4r utm\u00e4rkt.[\/vc_column_text][\/vc_column][\/vc_row][vc_row][vc_column width=&#8221;1\/2&#8243;][vc_custom_heading text=&#8221;Hur m\u00e5nga Whiskey-miniatyrer kommer jag att f\u00e5?&#8221; font_container=&#8221;tag:h3|text_align:left&#8221; use_theme_fonts=&#8221;yes&#8221; css=&#8221;&#8221;][vc_column_text css=&#8221;&#8221;]I varje <span data-sheets-root=\"1\">Whiskey-prenumerationsbox<\/span> hittar du minst 4 originella miniatyrflaskor med Whiskey. Ibland kan du hitta mer, beroende p\u00e5 v\u00e4rdet p\u00e5 miniatyrflaskorna.<\/p>\n<p>Ibland vill vi bara \u00f6verraska dig![\/vc_column_text][\/vc_column][vc_column width=&#8221;1\/2&#8243;][vc_custom_heading text=&#8221;Hur kan jag sp\u00e5ra min best\u00e4llning?&#8221; font_container=&#8221;tag:h3|text_align:left&#8221; use_theme_fonts=&#8221;yes&#8221; css=&#8221;&#8221;][vc_column_text css=&#8221;&#8221;]Eftersom alla best\u00e4llningar skickas med rekommenderat brev kommer du att f\u00e5 ett e-postmeddelande med den information som kr\u00e4vs f\u00f6r att sp\u00e5ra din best\u00e4llning.<\/p>\n<p>Om du fortfarande har fr\u00e5gor, inte har f\u00e5tt e-postmeddelandet eller inte vet hur du ska g\u00e5 vidare, v\u00e4nligen kontakta oss.[\/vc_column_text][\/vc_column][\/vc_row][vc_row][vc_column width=&#8221;1\/2&#8243;][vc_custom_heading text=&#8221;N\u00e4r kommer jag att f\u00e5 min Whiskey-prenumerationsbox?&#8221; font_container=&#8221;tag:h3|text_align:left&#8221; use_theme_fonts=&#8221;yes&#8221; css=&#8221;&#8221;][vc_column_text css=&#8221;&#8221;]Beroende p\u00e5 ditt land kan det ta mellan 5 och 10 arbetsdagar innan du f\u00e5r din Whiskey-boxprenumeration.<\/p>\n<p>Du m\u00e5ste g\u00f6ra din best\u00e4llning senast den 24:e i varje m\u00e5nad. Alla best\u00e4llningar expedieras senast den 7:e i efterf\u00f6ljande m\u00e5nad.[\/vc_column_text][\/vc_column][vc_column width=&#8221;1\/2&#8243;][vc_custom_heading text=&#8221;Vilka fraktmetoder finns tillg\u00e4ngliga och hur h\u00f6ga \u00e4r fraktkostnaderna?&#8221; font_container=&#8221;tag:h3|text_align:left&#8221; use_theme_fonts=&#8221;yes&#8221; css=&#8221;&#8221;][vc_column_text css=&#8221;&#8221;]Vi skickar \u00f6ver hela v\u00e4rlden och behandlar alltid ditt paket med registrerad post s\u00e5 att du kan sp\u00e5ra din best\u00e4llning. Observera att fraktkostnaderna kan variera, s\u00e5 du b\u00f6r kontrollera den exakta fraktkostnaden i kassan. <\/p>\n<p><strong>Viktigt<\/strong>: Vi tar inte p\u00e5 oss ansvaret om ditt land har strikta regler f\u00f6r transaktioner med livsmedel och alkoholhaltiga drycker. Kontrollera ditt lands best\u00e4mmelser innan du g\u00f6r en best\u00e4llning.[\/vc_column_text][\/vc_column][\/vc_row][vc_row][vc_column width=&#8221;1\/2&#8243;][vc_custom_heading text=&#8221;Vad ska jag g\u00f6ra om jag inte f\u00e5r min best\u00e4llning?&#8221; font_container=&#8221;tag:h3|text_align:left&#8221; use_theme_fonts=&#8221;yes&#8221; css=&#8221;&#8221;][vc_column_text css=&#8221;&#8221;]Om du inte f\u00e5r din Whiskey-boxprenumeration, v\u00e4nligen kontakta oss s\u00e5 snart som m\u00f6jligt. Vi kommer att verifiera vad som h\u00e4nde och hj\u00e4lpa dig att l\u00f6sa problemet.[\/vc_column_text][\/vc_column][vc_column width=&#8221;1\/2&#8243;][\/vc_column][\/vc_row]<\/p>\n<\/div>","protected":false},"excerpt":{"rendered":"<p>[vc_row][vc_column width=&#8221;1\/2&#8243;][vc_custom_heading text=&#8221;Hur fungerar prenumerationen p\u00e5 Whisky Flavour?&#8221; font_container=&#8221;tag:h3|text_align:left&#8221; use_theme_fonts=&#8221;yes&#8221; css=&#8221;&#8221;][vc_column_text css=&#8221;&#8221;]Det \u00e4r superenkelt. S\u00e5 h\u00e4r g\u00f6r du: V\u00e4lj din&#8230;<\/p>\n","protected":false},"author":1,"featured_media":37775,"parent":0,"menu_order":4,"comment_status":"closed","ping_status":"closed","template":"","meta":{"footnotes":""},"class_list":["post-26355","page","type-page","status-publish","has-post-thumbnail","hentry"],"_links":{"self":[{"href":"https:\/\/www.whiskyflavour.com\/sv\/wp-json\/wp\/v2\/pages\/26355","targetHints":{"allow":["GET"]}}],"collection":[{"href":"https:\/\/www.whiskyflavour.com\/sv\/wp-json\/wp\/v2\/pages"}],"about":[{"href":"https:\/\/www.whiskyflavour.com\/sv\/wp-json\/wp\/v2\/types\/page"}],"author":[{"embeddable":true,"href":"https:\/\/www.whiskyflavour.com\/sv\/wp-json\/wp\/v2\/users\/1"}],"replies":[{"embeddable":true,"href":"https:\/\/www.whiskyflavour.com\/sv\/wp-json\/wp\/v2\/comments?post=26355"}],"version-history":[{"count":0,"href":"https:\/\/www.whiskyflavour.com\/sv\/wp-json\/wp\/v2\/pages\/26355\/revisions"}],"wp:featuredmedia":[{"embeddable":true,"href":"https:\/\/www.whiskyflavour.com\/sv\/wp-json\/wp\/v2\/media\/37775"}],"wp:attachment":[{"href":"https:\/\/www.whiskyflavour.com\/sv\/wp-json\/wp\/v2\/media?parent=26355"}],"curies":[{"name":"wp","href":"https:\/\/api.w.org\/{rel}","templated":true}]}}