{"id":53275,"date":"2021-10-12T15:51:09","date_gmt":"2021-10-12T14:51:09","guid":{"rendered":"https:\/\/www.whiskyflavour.com\/about-2\/"},"modified":"2026-04-02T15:41:33","modified_gmt":"2026-04-02T14:41:33","slug":"about","status":"publish","type":"page","link":"https:\/\/www.whiskyflavour.com\/sv\/about\/","title":{"rendered":"Om"},"content":{"rendered":"<div class=\"wpb-content-wrapper\"><p>[vc_row][vc_column][vc_custom_heading text=&#8221;URSPRUNG&#8221; use_theme_fonts=&#8221;yes&#8221; css=&#8221;&#8221;][vc_column_text css=&#8221;&#8221;]Whisky Flavour skapades av en whiskyentusiast som drivs av en \u00f6nskan att utforska och njuta av olika sorters whisky p\u00e5 ett bekv\u00e4mt och prisv\u00e4rt s\u00e4tt.<\/p>\n<p>Det \u00e4r ofta opraktiskt att investera i en hel flaska Whiskey som du har varit nyfiken p\u00e5, s\u00e4rskilt n\u00e4r du smakar den f\u00f6r allra f\u00f6rsta g\u00e5ngen. Med f\u00f6rv\u00e4ntningar p\u00e5 spel ger m\u00e5nga Whiskey-aficionados upp att k\u00f6pa en hel flaska. F\u00f6r att kunna njuta av mer whiskey till ett mer \u00f6verkomligt pris har vi utvecklat denna prenumeration p\u00e5 whiskyprovning.<\/p>\n<p>Prenumerationstj\u00e4nsten Whisky Flavour utvecklades sedan med tanke p\u00e5 v\u00e5ra andra whisky\u00e4lskare &#8211; de som tycker om att prova olika flaskor, m\u00e4rken och \u00e5ldrar.<\/p>\n<p>Vi tror att den h\u00e4r l\u00f6sningen g\u00f6r att du kan smaka p\u00e5 en rad olika whiskysorter utan att beh\u00f6va k\u00f6pa en hel flaska p\u00e5 l\u00e5ng sikt.<\/p>\n<p>Vi erbjuder en prenumerationsbox med en enda whiskyprovning, med 4 originella Whiskey-miniatyrer varje m\u00e5nad. Detta g\u00f6r att du kan tillfredsst\u00e4lla din nyfikenhet och ut\u00f6ka din Whiskey-repertoar med l\u00e4tthet.[\/vc_column_text][\/vc_column][\/vc_row][vc_row][vc_column][vc_custom_heading text=&#8221;UPPDRAG&#8221; use_theme_fonts=&#8221;yes&#8221; css=&#8221;&#8221;][vc_column_text css=&#8221;&#8221;]Whiskey Flavours uppdrag \u00e4r att ge whiskyentusiaster m\u00f6jlighet att uppleva ett brett utbud av varum\u00e4rken och typer av whisky. Genom att g\u00f6ra \u00e4ven de dyraste varum\u00e4rkena prisv\u00e4rda och tillg\u00e4ngliga med v\u00e5r prenumeration p\u00e5 whiskyprovning, str\u00e4var vi efter att se till att fler m\u00e4nniskor kan njuta av whiskyens m\u00e5ngsidiga v\u00e4rld.[\/vc_column_text][\/vc_column][\/vc_row][vc_row][vc_column][vc_custom_heading text=&#8221;VISION&#8221; use_theme_fonts=&#8221;yes&#8221; css=&#8221;&#8221;][vc_column_text css=&#8221;&#8221;]Whisky Flavour vill bli en ledande referens inom whiskyindustrin och revolutionera s\u00e4ttet som konsumenter och varum\u00e4rken interagerar. Genom att erbjuda unika m\u00f6jligheter att prova Whiskey vill vi \u00f6ka konsumenternas medvetenhet om de olika och anm\u00e4rkningsv\u00e4rda varum\u00e4rken och tillverkningsprocesser som finns tillg\u00e4ngliga. Samtidigt f\u00e5r Whiskey-varum\u00e4rkena m\u00f6jlighet att n\u00e5 ut till en bredare publik och skapa l\u00e5ngsiktiga relationer med allt fler konsumenter.[\/vc_column_text][\/vc_column][\/vc_row][vc_row][vc_column][vc_custom_heading text=&#8221;V\u00c4RDEN&#8221; use_theme_fonts=&#8221;yes&#8221; css=&#8221;&#8221;][vc_column_text css=&#8221;&#8221;]\u00d6ppenhet | Elegans | Innovation | Kundorientering | Modernitet[\/vc_column_text][\/vc_column][\/vc_row]<\/p>\n<\/div>","protected":false},"excerpt":{"rendered":"<p>[vc_row][vc_column][vc_custom_heading text=&#8221;URSPRUNG&#8221; use_theme_fonts=&#8221;yes&#8221; css=&#8221;&#8221;][vc_column_text css=&#8221;&#8221;]Whisky Flavour skapades av en whiskyentusiast som drivs av en \u00f6nskan att utforska och njuta av&#8230;<\/p>\n","protected":false},"author":1,"featured_media":0,"parent":0,"menu_order":0,"comment_status":"closed","ping_status":"closed","template":"","meta":{"footnotes":""},"class_list":["post-53275","page","type-page","status-publish","hentry"],"_links":{"self":[{"href":"https:\/\/www.whiskyflavour.com\/sv\/wp-json\/wp\/v2\/pages\/53275","targetHints":{"allow":["GET"]}}],"collection":[{"href":"https:\/\/www.whiskyflavour.com\/sv\/wp-json\/wp\/v2\/pages"}],"about":[{"href":"https:\/\/www.whiskyflavour.com\/sv\/wp-json\/wp\/v2\/types\/page"}],"author":[{"embeddable":true,"href":"https:\/\/www.whiskyflavour.com\/sv\/wp-json\/wp\/v2\/users\/1"}],"replies":[{"embeddable":true,"href":"https:\/\/www.whiskyflavour.com\/sv\/wp-json\/wp\/v2\/comments?post=53275"}],"version-history":[{"count":0,"href":"https:\/\/www.whiskyflavour.com\/sv\/wp-json\/wp\/v2\/pages\/53275\/revisions"}],"wp:attachment":[{"href":"https:\/\/www.whiskyflavour.com\/sv\/wp-json\/wp\/v2\/media?parent=53275"}],"curies":[{"name":"wp","href":"https:\/\/api.w.org\/{rel}","templated":true}]}}