{"id":25431,"date":"2016-05-01T21:20:50","date_gmt":"2016-05-01T20:20:50","guid":{"rendered":"https:\/\/www.whiskyflavour.com\/shop\/whisky-prenumerationslada-for-provsmakning\/"},"modified":"2026-02-21T18:49:50","modified_gmt":"2026-02-21T18:49:50","slug":"whisky-abonnemang-box","status":"publish","type":"product","link":"https:\/\/www.whiskyflavour.com\/sv\/shop\/whisky-abonnemang-box\/","title":{"rendered":"Prenumerationsbox f\u00f6r Whisky"},"content":{"rendered":"<h2>The Whiskey Tasting Box by Whisky Flavour &#8211; 4 miniatyrer fr\u00e5n destillerier fr\u00e5n hela v\u00e4rlden<\/h2>\n<p>Om du vill uppleva v\u00e4rldens fr\u00e4msta whiskysorter \u00e4r det b\u00e4sta s\u00e4ttet att uppt\u00e4cka exklusiva whiskysorter fr\u00e5n v\u00e4rldens mest respekterade destillerier, inklusive skotska, irl\u00e4ndska, amerikanska och m\u00e5nga andra, att registrera dig f\u00f6r v\u00e5r Whiskey Tasting Box-prenumeration!<\/p>\n<p>P\u00e5 Whisky Flavour har vi skapat ett prisv\u00e4rt prenumerationssystem som v\u00e5ra kunder fr\u00e5n hela v\u00e4rlden har blivit f\u00f6r\u00e4lskade i! Denna prenumerationstj\u00e4nst f\u00f6r provsmakning av Whiskey \u00e4r perfekt f\u00f6r att unna dig sj\u00e4lv eller som en omt\u00e4nksam present! Om du \u00e4r en whiskeyk\u00e4nnare eller n\u00e5gon som alltid vill smaka p\u00e5 alla typer av whiskey, underjordiska whiskeym\u00e4rken, nya sortiment och gamla tiders, kan v\u00e5r whiskeyprovningsbox passa dina behov och din budget.  <\/p>\n<p>L\u00e5t oss nu prata om vad du f\u00e5r n\u00e4r du registrerar dig f\u00f6r den h\u00e4r praktiska tj\u00e4nsten!<\/p>\n<p>&nbsp;<\/p>\n<h2>Best\u00e4ll den bara en g\u00e5ng eller g\u00f6r den till en prenumeration p\u00e5 provsmakning av Whiskey<\/h2>\n<p>Till att b\u00f6rja med kommer du att f\u00e5 fantastiska Whiskey-utryck varje m\u00e5nad!<\/p>\n<p>I varje l\u00e5da kommer det att finnas 4 originalm\u00e4rkta Whiskey-miniatyrer. De kan vara ett totalt mysterium, eller s\u00e5 kan vi ha dina preferenser i \u00e5tanke n\u00e4r vi v\u00e4ljer ut de Whiskey-miniatyrer som kommer att levereras till dig. Du beh\u00f6ver bara skicka ett mejl till oss med dina smakpreferenser eller vilken typ av Whiskey du verkligen vill smaka.  <\/p>\n<p>Bland v\u00e5ra alternativ <strong>kan du v\u00e4lja hur l\u00e4nge du vill f\u00e5 v\u00e5r prenumeration p\u00e5 provsmakning av Whiskey<\/strong>:<\/p>\n<ul>\n<li>Bara en g\u00e5ng.<\/li>\n<li>En g\u00e5ng i m\u00e5naden i tre m\u00e5nader.<\/li>\n<li>En g\u00e5ng i m\u00e5naden i sex m\u00e5nader.<\/li>\n<li>En g\u00e5ng i m\u00e5naden i ett \u00e5r.<\/li>\n<\/ul>\n<p>Det \u00e4r inte bara whiskeyn som \u00e4r extraordin\u00e4r; v\u00e5r l\u00e5da \u00e4r inte heller vilken som helst. Vi har samarbetat med lokala producenter och tr\u00e4hantverkare f\u00f6r att skapa en <strong>modern och minimalistisk tr<\/strong>\u00e4l\u00e5da. Den \u00e4r motst\u00e5ndskraftig s\u00e5 att den skyddar dina Whiskey-miniatyrer under leveransen, och den kan \u00e5teranv\u00e4ndas efter\u00e5t. Se till att beh\u00e5lla den: det \u00e4r en fantastisk minnessak som har tillverkats med omsorg.   <\/p>\n<p>Denna <strong>provsmakningsl\u00e5da med Whiskey v\u00e4ger 1,5 kg<\/strong> och skickas till dig enligt dina \u00f6nskem\u00e5l.<\/p>\n<p>Vi ger v\u00e5ra kunder alla alternativ s\u00e5 att prenumerationen passar deras behov, eftersom vi vet att varje Whiskey-k\u00e4nnare \u00e4r unik.<\/p>\n<p>&nbsp;<\/p>\n<h3>Tips om v\u00e5r provsmakningsbox f\u00f6r Whiskey<\/h3>\n<p>Om det inte \u00e4r din grej att f\u00e5 n\u00e5gra spoilers, hoppa \u00f6ver den h\u00e4r delen! Vi kommer inte att avsl\u00f6ja allt om v\u00e5r Whiskey provsmakningsbox, men vi l\u00e4mnar n\u00e5gra br\u00f6dsmulor s\u00e5 att du inte missar denna m\u00f6jlighet helt. <\/p>\n<ul>\n<li>V\u00e5ra Whiskey-miniatyrer \u00e4r <strong>originalm\u00e4rkta och 5cl (1,69oz) flaskor<\/strong>.<\/li>\n<li>Vi gillar att erbjuda ett brett sortiment av whisky, och det inkluderar <strong>whiskeym\u00e4rken fr\u00e5n olika delar av v\u00e4rlden<\/strong> som g\u00e5r ut\u00f6ver traditionella typer av whisky. Tidigare kunder har till exempel f\u00e5tt whiskeyuttryck fr\u00e5n varum\u00e4rken som Black Whisky, Langatun och Armorik Whisky. <\/li>\n<li>Vi letar efter whiskey som antingen \u00e4r <strong>klassiker eller f\u00f6rstklassiga whiskeysorter<\/strong> som alla borde smaka minst en g\u00e5ng i livet.<\/li>\n<li>Vi h\u00e5ller reda p\u00e5 de tidigare l\u00e5dorna som skickats till dig, s\u00e5 att <strong>du inte f\u00e5r samma Whiskey-uttryck tv\u00e5 g\u00e5nger<\/strong> (om du inte verkligen vill).<\/li>\n<li><strong>Vi tar emot \u00f6nskem\u00e5l om typ av whisky, \u00e5lder p\u00e5 uttrycken och smaker som du tycker mest om,<\/strong> s\u00e5 att vi inte skickar dig whiskey-miniatyrer som du definitivt inte kommer att tycka om.<\/li>\n<\/ul>\n<p>&nbsp;<\/p>\n<h3>Whiskey provsmakningsbox &#8211; G\u00f6r den till en present!<\/h3>\n<p>En whiskyprovningsprenumeration \u00e4r en fantastisk presentid\u00e9 f\u00f6r alla som verkligen tycker om whiskey. Vi skulle naturligtvis inte s\u00e4ga n\u00e5got annat, men <strong>vi kan skicka Whiskey-provsmakningsboxen &#8211; eller boxarna &#8211; till den adress du anger<\/strong> n\u00e4r du g\u00f6r k\u00f6pet. Och vi kan ocks\u00e5 l\u00e4gga till en enkel anteckning i paketet f\u00f6r att g\u00f6ra det mer personligt.  <\/p>\n<p>V\u00e5r prenumerationsbox med Whiskey kan erbjudas till b\u00e5de whiskeyk\u00e4nnare och personer som b\u00f6rjar utveckla en smak f\u00f6r denna sprit. Eftersom <strong>v\u00e5rt urval av whiskyminiatyrer \u00e4r helt unikt<\/strong> kan de f\u00e5 klassiska uttryck och whisky tillverkad p\u00e5 destillerier fr\u00e5n l\u00e4nder som vanligtvis inte f\u00f6rknippas med whisky. <\/p>\n<p>F\u00f6rutom all Whiskey som din \u00e4lskade, v\u00e4n eller kollega kommer att smaka,<strong> \u00e4r tr\u00e4l\u00e5dan perfekt f\u00f6r att \u00e5teranv\u00e4ndas<\/strong> och f\u00f6r att f\u00f6rvara deras personliga whiskeyprovningsset.<\/p>\n<p>Om du inte vill <strong>teckna en prenumeration<\/strong> kan du<strong> best\u00e4lla bara en provsmakningsl\u00e5da med Whiskey<\/strong> som present till<strong> en whisky\u00e4lskare<\/strong>!<\/p>\n<p>&nbsp;<\/p>\n<h2>Whiskey Tasting Prenumeration &#8211; Av Whiskey-\u00e4lskare till Whiskey-\u00e4lskare<\/h2>\n<p>Whiskey Flavour-teamet har \u00e5tagit sig att leverera v\u00e4rldens finaste whiskyuttryck fr\u00e5n varum\u00e4rken som inte \u00e4r l\u00e4tta att hitta, och vi g\u00f6r allt vi kan f\u00f6r att erbjuda v\u00e5ra kunder ett urval av whiskyminiaturer som vi tror att du kommer att bli f\u00f6rtjust i.<\/p>\n<p>Vi \u00e4r stolta \u00f6ver v\u00e5r prenumerationstj\u00e4nst f\u00f6r whiskey och v\u00e5r provsmakningsbox f\u00f6r whiskey, eftersom den ger m\u00e4nniskor fr\u00e5n alla bakgrunder tillg\u00e5ng till exceptionell whiskey som de kanske inte skulle kunna smaka annars.<\/p>\n<p>&nbsp;<\/p>\n<h3 style=\"text-align: center;\">Registrera dig nu f\u00f6r en Whiskey Tasting Box-prenumeration av Whisky Flavour!<\/h3>\n<p>&nbsp;<\/p>\n<p>&nbsp;<\/p>\n<h2>Vanliga fr\u00e5gor om v\u00e5r Whiskey Tasting Box<\/h2>\n<p>&nbsp;<\/p>\n<h3>Till vilka l\u00e4nder skickar ni den? Och n\u00e4r kommer jag att f\u00e5 min Whiskey Tasting Box? <\/h3>\n<p>Vi skickar \u00f6ver hela v\u00e4rlden! S\u00e5 leveranstiden kommer att \u00e4ndras beroende p\u00e5 vilken adress du angav. Vi skickar fr\u00e5n Portugal, och det tar vanligtvis mellan 5 och 10 arbetsdagar att komma till dig!  <\/p>\n<p>Vi rekommenderar att du g\u00f6r din best\u00e4llning f\u00f6re den 24:e i varje m\u00e5nad, eftersom vi skickar alla best\u00e4llningar senast den 7:e i f\u00f6ljande m\u00e5nad.<\/p>\n<p>&nbsp;<\/p>\n<h3>Kan jag sp\u00e5ra min best\u00e4llning?<\/h3>\n<p>Ja, det g\u00f6r vi! Vi skickar din Whiskey tasting box med rekommenderat brev, och du f\u00e5r ett e-postmeddelande med den n\u00f6dv\u00e4ndiga l\u00e4nken och koden f\u00f6r att f\u00f6lja resan med din Whiskey box. <\/p>\n<p>&nbsp;<\/p>\n<p>Har du fortfarande fr\u00e5gor om v\u00e5r prenumeration p\u00e5 provsmakning av Whiskey? Bes\u00f6k v\u00e5r FAQ-sida eller skicka ett e-postmeddelande till oss. Vi kommer att se till att svara dig i god tid.  <\/p>\n","protected":false},"excerpt":{"rendered":"<p>The Whiskey Tasting Box by Whisky Flavour &#8211; 4 miniatyrer fr\u00e5n destillerier fr\u00e5n hela v\u00e4rlden Om du vill uppleva v\u00e4rldens&#8230;<\/p>\n","protected":false},"featured_media":25444,"comment_status":"open","ping_status":"closed","template":"","meta":[],"product_brand":[],"product_cat":[14322,14323,5978],"product_tag":[],"class_list":{"0":"post-25431","1":"product","2":"type-product","3":"status-publish","4":"has-post-thumbnail","6":"product_cat-prenumeration-pa-whisky","7":"product_cat-provsmakning-av-whiskey","8":"product_cat-whisky-gift-sv","10":"first","11":"instock","12":"taxable","13":"shipping-taxable","14":"purchasable","15":"product-type-variable-subscription"},"_links":{"self":[{"href":"https:\/\/www.whiskyflavour.com\/sv\/wp-json\/wp\/v2\/product\/25431","targetHints":{"allow":["GET"]}}],"collection":[{"href":"https:\/\/www.whiskyflavour.com\/sv\/wp-json\/wp\/v2\/product"}],"about":[{"href":"https:\/\/www.whiskyflavour.com\/sv\/wp-json\/wp\/v2\/types\/product"}],"replies":[{"embeddable":true,"href":"https:\/\/www.whiskyflavour.com\/sv\/wp-json\/wp\/v2\/comments?post=25431"}],"wp:featuredmedia":[{"embeddable":true,"href":"https:\/\/www.whiskyflavour.com\/sv\/wp-json\/wp\/v2\/media\/25444"}],"wp:attachment":[{"href":"https:\/\/www.whiskyflavour.com\/sv\/wp-json\/wp\/v2\/media?parent=25431"}],"wp:term":[{"taxonomy":"product_brand","embeddable":true,"href":"https:\/\/www.whiskyflavour.com\/sv\/wp-json\/wp\/v2\/product_brand?post=25431"},{"taxonomy":"product_cat","embeddable":true,"href":"https:\/\/www.whiskyflavour.com\/sv\/wp-json\/wp\/v2\/product_cat?post=25431"},{"taxonomy":"product_tag","embeddable":true,"href":"https:\/\/www.whiskyflavour.com\/sv\/wp-json\/wp\/v2\/product_tag?post=25431"}],"curies":[{"name":"wp","href":"https:\/\/api.w.org\/{rel}","templated":true}]}}